{"id":3172,"date":"2018-09-25T14:42:59","date_gmt":"2018-09-25T12:42:59","guid":{"rendered":"http:\/\/primavera.omnicom-dev.com\/main-demo\/?page_id=3172"},"modified":"2026-02-28T14:34:49","modified_gmt":"2026-02-28T13:34:49","slug":"kontakt","status":"publish","type":"page","link":"https:\/\/pavlinajirouskova.com\/cs\/kontakt\/","title":{"rendered":"Kontakt"},"content":{"rendered":"<p><section id=\"bt_bb_section6a05ac8782f16\" class=\"bt_bb_section bt_bb_layout_boxed_1200 bt_bb_vertical_align_top bt_bb_top_spacing_medium bt_bb_bottom_spacing_medium bt_bb_pull_in_from_side_large\"  data-bt-override-class=\"null\"><div class=\"bt_bb_background_image_holder_wrapper\"><div class=\"bt_bb_background_image_holder bt_bb_parallax\"  data-parallax=\"0.7\" data-parallax-offset=\"0\" data-parallax-zoom-start=\"1\" data-parallax-zoom-end=\"1\" data-parallax-blur-start=\"0\" data-parallax-blur-end=\"0\" data-parallax-opacity-start=\"1\" data-parallax-opacity-end=\"1\" style=\" background-image:url(&#039;https:\/\/pavlinajirouskova.com\/wp-content\/uploads\/2019\/04\/pozadi-3.jpg&#039;);\"><\/div><\/div><div class=\"bt_bb_port\"><div class=\"bt_bb_cell\"><div class=\"bt_bb_cell_inner\"><div class=\"bt_bb_row\"  data-bt-override-class=\"{}\"><div class=\"bt_bb_row_holder\" ><div  class=\"bt_bb_column col-xxl-2 col-xl-2 bt_bb_vertical_align_top bt_bb_align_left bt_bb_padding_normal\" style=\"; --column-width:2;\" data-width=\"2\" data-bt-override-class=\"{}\"><div class=\"bt_bb_column_content\"><div class=\"bt_bb_column_content_inner\"><\/div><\/div><\/div><div  class=\"bt_bb_column col-xxl-8 col-xl-8 bt_bb_vertical_align_top bt_bb_align_center bt_bb_padding_text_indent bt_bb_animation_fade_in zoom_out animate\" style=\"; --column-width:8;\" data-width=\"8\" data-bt-override-class=\"{}\"><div class=\"bt_bb_column_content\"><div class=\"bt_bb_column_content_inner\"><div class=\"bt_bb_icon bt_bb_color_scheme_5 bt_bb_style_borderless bt_bb_size_large bt_bb_shape_circle bt_bb_align_inherit\" style=\"; --icon-primary-color:#222222; --icon-secondary-color:#df9896;\" data-bt-override-class=\"null\"><span  data-ico-development=\"&#xf11d;\" class=\"bt_bb_icon_holder\"><\/span><\/div><div class=\"bt_bb_separator bt_bb_border_style_none bt_bb_top_spacing_small bt_bb_bottom_spacing_small\" data-bt-override-class=\"null\"><\/div><header class=\"bt_bb_headline bt_bb_color_scheme_1 bt_bb_dash_bottom bt_bb_size_large bt_bb_align_inherit\" style=\"; --primary-color:#ffffff; --secondary-color:#222222;\" data-bt-override-class=\"{}\"><h1 class=\"bt_bb_headline_tag\"><span class=\"bt_bb_headline_content\"><span><u>Kontakt<\/u><\/span><\/span><\/h1><\/header><div class=\"bt_bb_separator bt_bb_border_style_none bt_bb_top_spacing_small bt_bb_bottom_spacing_extra_small\" data-bt-override-class=\"null\"><\/div><\/div><\/div><\/div><div  class=\"bt_bb_column col-xxl-2 col-xl-2 bt_bb_vertical_align_top bt_bb_align_left bt_bb_padding_normal\" style=\"; --column-width:2;\" data-width=\"2\" data-bt-override-class=\"{}\"><div class=\"bt_bb_column_content\"><div class=\"bt_bb_column_content_inner\"><\/div><\/div><\/div><\/div><\/div><\/div><!-- cell_inner --><\/div><!-- cell --><\/div><!-- port --><\/section><section id=\"bt_bb_section6a05ac878334b\" class=\"bt_bb_section bt_bb_layout_boxed_1200 bt_bb_vertical_align_top bt_bb_top_spacing_large bt_bb_bottom_spacing_large\"  data-bt-override-class=\"null\"><div class=\"bt_bb_port\"><div class=\"bt_bb_cell\"><div class=\"bt_bb_cell_inner\"><div class=\"bt_bb_row\"  data-bt-override-class=\"{}\"><div class=\"bt_bb_row_holder\" ><div  class=\"bt_bb_column col-xxl-12 col-xl-12 col-xs-12 col-sm-12 col-md-12 col-lg-12 bt_bb_vertical_align_top bt_bb_align_left bt_bb_padding_text_indent bt_bb_animation_fade_in animate\" style=\"; --column-width:12;\" data-width=\"12\" data-bt-override-class=\"{}\"><div class=\"bt_bb_column_content\"><div class=\"bt_bb_column_content_inner\"><header data-bb-version=\"5.3.4\" class=\"bt_bb_headline bt_bb_dash_bottom bt_bb_size_large bt_bb_align_inherit\" data-bt-override-class=\"{&quot;bt_bb_size_&quot;:{&quot;current_class&quot;:&quot;bt_bb_size_large&quot;,&quot;xxl&quot;:&quot;large&quot;},&quot;bt_bb_align_&quot;:{&quot;current_class&quot;:&quot;bt_bb_align_inherit&quot;,&quot;xxl&quot;:&quot;inherit&quot;},&quot;bt_bb_animation_&quot;:{&quot;current_class&quot;:&quot;bt_bb_animation_no_animation&quot;,&quot;xxl&quot;:&quot;no_animation&quot;}}\"><h3 class=\"bt_bb_headline_tag\"><span class=\"bt_bb_headline_content\"><span><strong>Napi\u0161te<\/strong><br \/><br \/>\n<u>mi<\/u><\/span><\/span><\/h3><\/header><div class=\"bt_bb_separator bt_bb_border_style_none bt_bb_top_spacing_small bt_bb_bottom_spacing_extra_small\" data-bt-override-class=\"null\"><\/div><div  class=\"bt_bb_text\" ><\/p>\n<p style=\"text-align: left;\">V p\u0159\u00edpad\u011b jak\u00fdchkoliv ot\u00e1zek nebo z\u00e1jmu o m\u00e9 programy a slu\u017eby mi m\u016f\u017eete napsat na emailovou adresu <a href=\"mailto:pavlina@pavlinajirouskova.com\">pavlina@pavlinajirouskova.com<\/a><\/p>\n<p>\n<\/div><div class=\"bt_bb_separator bt_bb_border_style_none bt_bb_top_spacing_small bt_bb_bottom_spacing_extra_small\" data-bt-override-class=\"null\"><\/div><\/div><\/div><\/div><\/div><\/div><\/div><!-- cell_inner --><\/div><!-- cell --><\/div><!-- port --><\/section><section data-bb-version=\"5.3.4\" id=\"bt_bb_section6a05ac8783657\" class=\"bt_bb_section bt_bb_layout_boxed_1200 bt_bb_vertical_align_top bt_bb_top_spacing_large bt_bb_bottom_spacing_large bt_bb_hidden_xs bt_bb_hidden_ms bt_bb_hidden_sm bt_bb_hidden_md bt_bb_hidden_lg bt_bb_hidden_xl\"  data-bt-override-class=\"{&quot;bt_bb_top_spacing_&quot;:{&quot;current_class&quot;:&quot;bt_bb_top_spacing_large&quot;,&quot;xxl&quot;:&quot;large&quot;},&quot;bt_bb_bottom_spacing_&quot;:{&quot;current_class&quot;:&quot;bt_bb_bottom_spacing_large&quot;,&quot;xxl&quot;:&quot;large&quot;},&quot;bt_bb_animation_&quot;:{&quot;current_class&quot;:&quot;bt_bb_animation_no_animation&quot;,&quot;xxl&quot;:&quot;no_animation&quot;}}\"><div class=\"bt_bb_port\"><div class=\"bt_bb_cell\"><div class=\"bt_bb_cell_inner\"><div class=\"bt_bb_row\"  data-bt-override-class=\"{}\"><div class=\"bt_bb_row_holder\" ><div  class=\"bt_bb_column col-xxl-6 col-xl-6 bt_bb_vertical_align_top bt_bb_align_left bt_bb_padding_text_indent bt_bb_animation_fade_in animate\" style=\"; --column-width:6;\" data-width=\"6\" data-bt-override-class=\"{}\"><div class=\"bt_bb_column_content\"><div class=\"bt_bb_column_content_inner\"><header class=\"bt_bb_headline bt_bb_dash_bottom bt_bb_size_large bt_bb_align_inherit\" data-bt-override-class=\"{}\"><h3 class=\"bt_bb_headline_tag\"><span class=\"bt_bb_headline_content\"><span><strong>Kontaktn\u00ed<\/strong><br \/><br \/>\n<u>formul\u00e1\u0159<\/u><\/span><\/span><\/h3><\/header><div class=\"bt_bb_separator bt_bb_border_style_none bt_bb_top_spacing_small bt_bb_bottom_spacing_extra_small\" data-bt-override-class=\"null\"><\/div><div  class=\"bt_bb_text\" ><\/p>\n<p style=\"text-align: left;\">V p\u0159\u00edpad\u011b jak\u00fdchkoliv ot\u00e1zek nebo z\u00e1jmu o m\u00e9 programy a slu\u017eby m\u011b m\u016f\u017ee\u0161 kontaktovat pomoc\u00ed tohoto kontaktn\u00edho formul\u00e1\u0159e.<\/p>\n<p style=\"text-align: left;\">P\u0159\u00edpadn\u011b mi m\u016f\u017ee\u0161 napsat na emailovou adresu <a href=\"mailto:pavlina@pavlinajirouskova.com\">pavlina@pavlinajirouskova.com<\/a>.<\/p>\n<p style=\"text-align: left;\">Odpov\u00edm ti, jakmile to bude mo\u017en\u00e9 (v\u011bt\u0161inou b\u011bhem jednoho a\u017e dvou pracovn\u00edch dn\u016f).<\/p>\n<p style=\"text-align: left;\">V\u0161echny programy, workshopy, i sezen\u00ed v sou\u010dasn\u00e9 dob\u011b prob\u00edhaj\u00ed pouze online p\u0159es Zoom.<\/p>\n<p>\n<\/div><\/div><\/div><\/div><div  class=\"bt_bb_column col-xxl-6 col-xl-6 bt_bb_vertical_align_bottom bt_bb_align_left bt_bb_padding_text_indent bt_bb_animation_fade_in animate\" style=\"; --column-width:6;\" data-width=\"6\" data-bt-override-class=\"{}\"><div class=\"bt_bb_column_content\"><div class=\"bt_bb_column_content_inner\"><div class=\"bt_bb_separator bt_bb_border_style_none bt_bb_top_spacing_small bt_bb_bottom_spacing_extra_small bt_bb_hidden_md bt_bb_hidden_lg\" data-bt-override-class=\"null\"><\/div><div class=\"bt_bb_contact_form_7\">\n<div class=\"wpcf7 no-js\" id=\"wpcf7-f5628-o1\" lang=\"en-US\" dir=\"ltr\" data-wpcf7-id=\"5628\">\n<div class=\"screen-reader-response\"><p role=\"status\" aria-live=\"polite\" aria-atomic=\"true\"><\/p> <ul><\/ul><\/div>\n<form action=\"\/cs\/wp-json\/wp\/v2\/pages\/3172#wpcf7-f5628-o1\" method=\"post\" class=\"wpcf7-form init\" aria-label=\"Contact form\" novalidate=\"novalidate\" data-status=\"init\" data-trp-original-action=\"\/cs\/wp-json\/wp\/v2\/pages\/3172#wpcf7-f5628-o1\">\n<div style=\"display: none;\">\n<input type=\"hidden\" name=\"_wpcf7\" value=\"5628\" \/>\n<input type=\"hidden\" name=\"_wpcf7_version\" value=\"6.0.6\" \/>\n<input type=\"hidden\" name=\"_wpcf7_locale\" value=\"en_US\" \/>\n<input type=\"hidden\" name=\"_wpcf7_unit_tag\" value=\"wpcf7-f5628-o1\" \/>\n<input type=\"hidden\" name=\"_wpcf7_container_post\" value=\"0\" \/>\n<input type=\"hidden\" name=\"_wpcf7_posted_data_hash\" value=\"\" \/>\n<input type=\"hidden\" name=\"_wpcf7_recaptcha_response\" value=\"\" \/>\n<\/div>\n<div class=\"bt_bb_double_column_form bt_bb_warning_labels_white white\">\n\t<div class=\"bt_bb_form_row\">\n\t\t<div class=\"bt_bb_form_element\">\n\t\t\t<p><span class=\"wpcf7-form-control-wrap\" data-name=\"mc4wp-FNAME\"><input size=\"40\" maxlength=\"400\" class=\"wpcf7-form-control wpcf7-text wpcf7-validates-as-required\" aria-required=\"true\" aria-invalid=\"false\" placeholder=\"Jm\u00e9no *\" value=\"\" type=\"text\" name=\"mc4wp-FNAME\" \/><\/span>\n\t\t\t<\/p>\n\t\t<\/div>\n\t\t<div class=\"bt_bb_form_element\">\n\t\t\t<p><span class=\"wpcf7-form-control-wrap\" data-name=\"mc4wp-LNAME\"><input size=\"40\" maxlength=\"400\" class=\"wpcf7-form-control wpcf7-text\" aria-invalid=\"false\" placeholder=\"P\u0159\u00edjmen\u00ed\" value=\"\" type=\"text\" name=\"mc4wp-LNAME\" \/><\/span>\n\t\t\t<\/p>\n\t\t<\/div>\n\t<\/div>\n\t<div class=\"bt_bb_form_row_message\">\n\t\t<div class=\"bt_bb_form_element\">\n\t\t\t<p><span class=\"wpcf7-form-control-wrap\" data-name=\"mc4wp-EMAIL\"><input size=\"40\" maxlength=\"400\" class=\"wpcf7-form-control wpcf7-text wpcf7-validates-as-required\" aria-required=\"true\" aria-invalid=\"false\" placeholder=\"Email *\" value=\"\" type=\"text\" name=\"mc4wp-EMAIL\" \/><\/span>\n\t\t\t<\/p>\n\t\t<\/div>\n\t<\/div>\n\t<div class=\"bt_bb_form_row_message\">\n\t\t<div class=\"bt_bb_form_element\">\n\t\t\t<p><span class=\"wpcf7-form-control-wrap\" data-name=\"fsubject\"><input size=\"40\" maxlength=\"400\" class=\"wpcf7-form-control wpcf7-text\" aria-invalid=\"false\" placeholder=\"P\u0159edm\u011bt\" value=\"\" type=\"text\" name=\"fsubject\" \/><\/span>\n\t\t\t<\/p>\n\t\t<\/div>\n\t<\/div>\n\t<div class=\"bt_bb_form_row_message\">\n\t\t<div class=\"bt_bb_form_element\">\n\t\t\t<p><span class=\"wpcf7-form-control-wrap\" data-name=\"fmessage\"><textarea cols=\"40\" rows=\"10\" maxlength=\"2000\" class=\"wpcf7-form-control wpcf7-textarea wpcf7-validates-as-required\" aria-required=\"true\" aria-invalid=\"false\" placeholder=\"Va\u0161e zpr\u00e1va\" name=\"fmessage\"><\/textarea><\/span>\n\t\t\t<\/p>\n\t\t<\/div>\n\t<\/div>\n\t<div class=\"bt_bb_form_row_message\">\n\t\t<div>\n\t\t\t<p><span class=\"wpcf7-form-control-wrap\" data-name=\"facceptpersonaldata\"><span class=\"wpcf7-form-control wpcf7-acceptance\"><span class=\"wpcf7-list-item\"><label><input type=\"checkbox\" name=\"facceptpersonaldata\" value=\"1\" checked=\"checked\" aria-invalid=\"false\" \/><span class=\"wpcf7-list-item-label\"><a href=\"\/cs\/souhlas-se-zpracovanim-osobnich-udaju-za-ucelem-zasilani-obchodnich-a-marketingovych-sdeleni\/\" target=\"_blank\" class=\"agree\">Souhlas\u00edm se zpracov\u00e1n\u00edm osobn\u00edch \u00fadaj\u016f<\/a><\/span><\/label><\/span><\/span><\/span>\n\t\t\t<\/p>\n\t\t<\/div>\n\t\t<div>\n\t\t\t<p><!-- Mailchimp for WordPress v4.10.3 - https:\/\/www.mc4wp.com\/ --><input type=\"hidden\" name=\"_mc4wp_subscribe_contact-form-7\" value=\"0\" \/><span class=\"mc4wp-checkbox mc4wp-checkbox-contact-form-7\"><label><input type=\"checkbox\" name=\"_mc4wp_subscribe_contact-form-7\" value=\"1\" checked=\"checked\"><span>Chci se p\u0159ihl\u00e1sit k odb\u011bru newsletteru<\/span><\/label><\/span><!-- \/ Mailchimp for WordPress -->\n\t\t\t<\/p>\n\t\t<\/div>\n\t<\/div>\n\t<div>\n\t\t<p>&nbsp;\n\t\t<\/p>\n\t<\/div>\n\t<div style=\"text-align: center\">\n\t\t<p><input class=\"wpcf7-form-control wpcf7-submit has-spinner\" type=\"submit\" value=\"Odeslat\" \/>\n\t\t<\/p>\n\t<\/div>\n<\/div>\n\n<p><input name=\"_mc4wp_lists[]\" type=\"hidden\" value=\"c6172209e6\" \/><br \/>\n<input name=\"mc4wp-INTERESTS[46fe41e053][]\" type=\"hidden\" value=\"6ed89e112b\" \/>\n<\/p><div class=\"wpcf7-response-output\" aria-hidden=\"true\"><\/div>\n<input type=\"hidden\" name=\"trp-form-language\" value=\"cs\"\/><\/form>\n<\/div>\n<\/div><\/div><\/div><\/div><\/div><\/div><\/div><!-- cell_inner --><\/div><!-- cell --><\/div><!-- port --><\/section><\/p>","protected":false},"excerpt":{"rendered":"<p>Odpov\u00edm v\u00e1m b\u011bhem jednoho pracovn\u00edho dne.<\/p>","protected":false},"author":4,"featured_media":4714,"parent":0,"menu_order":0,"comment_status":"closed","ping_status":"closed","template":"","meta":{"_exactmetrics_skip_tracking":false,"_exactmetrics_sitenote_active":false,"_exactmetrics_sitenote_note":"","_exactmetrics_sitenote_category":0,"cybocfi_hide_featured_image":"","footnotes":""},"class_list":["post-3172","page","type-page","status-publish","has-post-thumbnail","hentry"],"yoast_head":"<!-- This site is optimized with the Yoast SEO plugin v25.0 - https:\/\/yoast.com\/wordpress\/plugins\/seo\/ -->\n<title>Kontakt<\/title>\n<meta name=\"description\" content=\"V p\u0159\u00edpad\u011b, \u017ee m\u00e1te z\u00e1jem o spolupr\u00e1ci se mnou nebo byste se cht\u011bli na cokoliv zeptat, m\u016f\u017eete m\u011b kontaktovat.\" \/>\n<meta name=\"robots\" content=\"index, follow, max-snippet:-1, max-image-preview:large, max-video-preview:-1\" \/>\n<link rel=\"canonical\" href=\"https:\/\/pavlinajirouskova.com\/cs\/kontakt\/\" \/>\n<meta property=\"og:locale\" content=\"cs_CZ\" \/>\n<meta property=\"og:type\" content=\"article\" \/>\n<meta property=\"og:title\" content=\"Kontakt\" \/>\n<meta property=\"og:description\" content=\"V p\u0159\u00edpad\u011b, \u017ee m\u00e1te z\u00e1jem o spolupr\u00e1ci se mnou nebo byste se cht\u011bli na cokoliv zeptat, m\u016f\u017eete m\u011b kontaktovat.\" \/>\n<meta property=\"og:url\" content=\"https:\/\/pavlinajirouskova.com\/cs\/kontakt\/\" \/>\n<meta property=\"og:site_name\" content=\"Pavlina Jirouskova\" \/>\n<meta property=\"article:publisher\" content=\"https:\/\/www.facebook.com\/p.jirouskova\" \/>\n<meta property=\"article:modified_time\" content=\"2026-02-28T13:34:49+00:00\" \/>\n<meta property=\"og:image\" content=\"https:\/\/pavlinajirouskova.com\/wp-content\/uploads\/2019\/05\/pavlina-jirouskova-foto-kruh-640x640.jpg\" \/>\n\t<meta property=\"og:image:width\" content=\"640\" \/>\n\t<meta property=\"og:image:height\" content=\"646\" \/>\n\t<meta property=\"og:image:type\" content=\"image\/jpeg\" \/>\n<meta name=\"twitter:card\" content=\"summary_large_image\" \/>\n<meta name=\"twitter:image\" content=\"https:\/\/pavlinajirouskova.com\/wp-content\/uploads\/2019\/05\/pavlina-jirouskova-foto-kruh-640x640.jpg\" \/>\n<meta name=\"twitter:label1\" content=\"Odhadovan\u00e1 doba \u010dten\u00ed\" \/>\n\t<meta name=\"twitter:data1\" content=\"1 minuta\" \/>\n<script type=\"application\/ld+json\" class=\"yoast-schema-graph\">{\"@context\":\"https:\/\/schema.org\",\"@graph\":[{\"@type\":\"WebPage\",\"@id\":\"https:\/\/pavlinajirouskova.com\/cs\/kontakt\/\",\"url\":\"https:\/\/pavlinajirouskova.com\/cs\/kontakt\/\",\"name\":\"Kontakt\",\"isPartOf\":{\"@id\":\"https:\/\/pavlinajirouskova.com\/cs\/#website\"},\"primaryImageOfPage\":{\"@id\":\"https:\/\/pavlinajirouskova.com\/cs\/kontakt\/#primaryimage\"},\"image\":{\"@id\":\"https:\/\/pavlinajirouskova.com\/cs\/kontakt\/#primaryimage\"},\"thumbnailUrl\":\"https:\/\/pavlinajirouskova.com\/wp-content\/uploads\/2019\/04\/pozadi-3.jpg\",\"datePublished\":\"2018-09-25T12:42:59+00:00\",\"dateModified\":\"2026-02-28T13:34:49+00:00\",\"description\":\"V p\u0159\u00edpad\u011b, \u017ee m\u00e1te z\u00e1jem o spolupr\u00e1ci se mnou nebo byste se cht\u011bli na cokoliv zeptat, m\u016f\u017eete m\u011b kontaktovat.\",\"breadcrumb\":{\"@id\":\"https:\/\/pavlinajirouskova.com\/cs\/kontakt\/#breadcrumb\"},\"inLanguage\":\"cs\",\"potentialAction\":[{\"@type\":\"ReadAction\",\"target\":[\"https:\/\/pavlinajirouskova.com\/cs\/kontakt\/\"]}]},{\"@type\":\"ImageObject\",\"inLanguage\":\"cs\",\"@id\":\"https:\/\/pavlinajirouskova.com\/cs\/kontakt\/#primaryimage\",\"url\":\"https:\/\/pavlinajirouskova.com\/wp-content\/uploads\/2019\/04\/pozadi-3.jpg\",\"contentUrl\":\"https:\/\/pavlinajirouskova.com\/wp-content\/uploads\/2019\/04\/pozadi-3.jpg\",\"width\":2000,\"height\":1500,\"caption\":\"pozadi-3\"},{\"@type\":\"BreadcrumbList\",\"@id\":\"https:\/\/pavlinajirouskova.com\/cs\/kontakt\/#breadcrumb\",\"itemListElement\":[{\"@type\":\"ListItem\",\"position\":1,\"name\":\"Dom\u016f\",\"item\":\"https:\/\/pavlinajirouskova.com\/cs\/\"},{\"@type\":\"ListItem\",\"position\":2,\"name\":\"Kontakt\"}]},{\"@type\":\"WebSite\",\"@id\":\"https:\/\/pavlinajirouskova.com\/cs\/#website\",\"url\":\"https:\/\/pavlinajirouskova.com\/cs\/\",\"name\":\"Pavlina Jirouskova\",\"description\":\"Conscious Midlife\",\"publisher\":{\"@id\":\"https:\/\/pavlinajirouskova.com\/cs\/#\/schema\/person\/28ebdb3e98879c0be8b1129e7a08e958\"},\"potentialAction\":[{\"@type\":\"SearchAction\",\"target\":{\"@type\":\"EntryPoint\",\"urlTemplate\":\"https:\/\/pavlinajirouskova.com\/cs\/?s={search_term_string}\"},\"query-input\":{\"@type\":\"PropertyValueSpecification\",\"valueRequired\":true,\"valueName\":\"search_term_string\"}}],\"inLanguage\":\"cs\"},{\"@type\":[\"Person\",\"Organization\"],\"@id\":\"https:\/\/pavlinajirouskova.com\/cs\/#\/schema\/person\/28ebdb3e98879c0be8b1129e7a08e958\",\"name\":\"Pavlina Jirouskova\",\"image\":{\"@type\":\"ImageObject\",\"inLanguage\":\"cs\",\"@id\":\"https:\/\/pavlinajirouskova.com\/cs\/#\/schema\/person\/image\/\",\"url\":\"https:\/\/pavlinajirouskova.com\/wp-content\/uploads\/2020\/11\/Pavlina-Jirouskova.jpeg\",\"contentUrl\":\"https:\/\/pavlinajirouskova.com\/wp-content\/uploads\/2020\/11\/Pavlina-Jirouskova.jpeg\",\"width\":1000,\"height\":800,\"caption\":\"Pavlina Jirouskova\"},\"logo\":{\"@id\":\"https:\/\/pavlinajirouskova.com\/cs\/#\/schema\/person\/image\/\"},\"sameAs\":[\"https:\/\/pavlinajirouskova.com\",\"https:\/\/www.facebook.com\/p.jirouskova\",\"https:\/\/www.instagram.com\/pavlina.jirouskova\/\",\"https:\/\/www.linkedin.com\/company\/pavlina-jirouskova\"]}]}<\/script>\n<!-- \/ Yoast SEO plugin. -->","yoast_head_json":{"title":"Kontakt","description":"V p\u0159\u00edpad\u011b, \u017ee m\u00e1te z\u00e1jem o spolupr\u00e1ci se mnou nebo byste se cht\u011bli na cokoliv zeptat, m\u016f\u017eete m\u011b kontaktovat.","robots":{"index":"index","follow":"follow","max-snippet":"max-snippet:-1","max-image-preview":"max-image-preview:large","max-video-preview":"max-video-preview:-1"},"canonical":"https:\/\/pavlinajirouskova.com\/cs\/kontakt\/","og_locale":"cs_CZ","og_type":"article","og_title":"Kontakt","og_description":"V p\u0159\u00edpad\u011b, \u017ee m\u00e1te z\u00e1jem o spolupr\u00e1ci se mnou nebo byste se cht\u011bli na cokoliv zeptat, m\u016f\u017eete m\u011b kontaktovat.","og_url":"https:\/\/pavlinajirouskova.com\/cs\/kontakt\/","og_site_name":"Pavlina Jirouskova","article_publisher":"https:\/\/www.facebook.com\/p.jirouskova","article_modified_time":"2026-02-28T13:34:49+00:00","og_image":[{"width":640,"height":646,"url":"https:\/\/pavlinajirouskova.com\/wp-content\/uploads\/2019\/05\/pavlina-jirouskova-foto-kruh-640x640.jpg","type":"image\/jpeg"}],"twitter_card":"summary_large_image","twitter_image":"https:\/\/pavlinajirouskova.com\/wp-content\/uploads\/2019\/05\/pavlina-jirouskova-foto-kruh-640x640.jpg","twitter_misc":{"Odhadovan\u00e1 doba \u010dten\u00ed":"1 minuta"},"schema":{"@context":"https:\/\/schema.org","@graph":[{"@type":"WebPage","@id":"https:\/\/pavlinajirouskova.com\/cs\/kontakt\/","url":"https:\/\/pavlinajirouskova.com\/cs\/kontakt\/","name":"Kontakt","isPartOf":{"@id":"https:\/\/pavlinajirouskova.com\/cs\/#website"},"primaryImageOfPage":{"@id":"https:\/\/pavlinajirouskova.com\/cs\/kontakt\/#primaryimage"},"image":{"@id":"https:\/\/pavlinajirouskova.com\/cs\/kontakt\/#primaryimage"},"thumbnailUrl":"https:\/\/pavlinajirouskova.com\/wp-content\/uploads\/2019\/04\/pozadi-3.jpg","datePublished":"2018-09-25T12:42:59+00:00","dateModified":"2026-02-28T13:34:49+00:00","description":"V p\u0159\u00edpad\u011b, \u017ee m\u00e1te z\u00e1jem o spolupr\u00e1ci se mnou nebo byste se cht\u011bli na cokoliv zeptat, m\u016f\u017eete m\u011b kontaktovat.","breadcrumb":{"@id":"https:\/\/pavlinajirouskova.com\/cs\/kontakt\/#breadcrumb"},"inLanguage":"cs","potentialAction":[{"@type":"ReadAction","target":["https:\/\/pavlinajirouskova.com\/cs\/kontakt\/"]}]},{"@type":"ImageObject","inLanguage":"cs","@id":"https:\/\/pavlinajirouskova.com\/cs\/kontakt\/#primaryimage","url":"https:\/\/pavlinajirouskova.com\/wp-content\/uploads\/2019\/04\/pozadi-3.jpg","contentUrl":"https:\/\/pavlinajirouskova.com\/wp-content\/uploads\/2019\/04\/pozadi-3.jpg","width":2000,"height":1500,"caption":"pozadi-3"},{"@type":"BreadcrumbList","@id":"https:\/\/pavlinajirouskova.com\/cs\/kontakt\/#breadcrumb","itemListElement":[{"@type":"ListItem","position":1,"name":"Dom\u016f","item":"https:\/\/pavlinajirouskova.com\/cs\/"},{"@type":"ListItem","position":2,"name":"Kontakt"}]},{"@type":"WebSite","@id":"https:\/\/pavlinajirouskova.com\/cs\/#website","url":"https:\/\/pavlinajirouskova.com\/cs\/","name":"Pavlina Jirouskova","description":"Conscious Midlife","publisher":{"@id":"https:\/\/pavlinajirouskova.com\/cs\/#\/schema\/person\/28ebdb3e98879c0be8b1129e7a08e958"},"potentialAction":[{"@type":"SearchAction","target":{"@type":"EntryPoint","urlTemplate":"https:\/\/pavlinajirouskova.com\/cs\/?s={search_term_string}"},"query-input":{"@type":"PropertyValueSpecification","valueRequired":true,"valueName":"search_term_string"}}],"inLanguage":"cs"},{"@type":["Person","Organization"],"@id":"https:\/\/pavlinajirouskova.com\/cs\/#\/schema\/person\/28ebdb3e98879c0be8b1129e7a08e958","name":"Pavlina Jirouskova","image":{"@type":"ImageObject","inLanguage":"cs","@id":"https:\/\/pavlinajirouskova.com\/cs\/#\/schema\/person\/image\/","url":"https:\/\/pavlinajirouskova.com\/wp-content\/uploads\/2020\/11\/Pavlina-Jirouskova.jpeg","contentUrl":"https:\/\/pavlinajirouskova.com\/wp-content\/uploads\/2020\/11\/Pavlina-Jirouskova.jpeg","width":1000,"height":800,"caption":"Pavlina Jirouskova"},"logo":{"@id":"https:\/\/pavlinajirouskova.com\/cs\/#\/schema\/person\/image\/"},"sameAs":["https:\/\/pavlinajirouskova.com","https:\/\/www.facebook.com\/p.jirouskova","https:\/\/www.instagram.com\/pavlina.jirouskova\/","https:\/\/www.linkedin.com\/company\/pavlina-jirouskova"]}]}},"_links":{"self":[{"href":"https:\/\/pavlinajirouskova.com\/cs\/wp-json\/wp\/v2\/pages\/3172","targetHints":{"allow":["GET"]}}],"collection":[{"href":"https:\/\/pavlinajirouskova.com\/cs\/wp-json\/wp\/v2\/pages"}],"about":[{"href":"https:\/\/pavlinajirouskova.com\/cs\/wp-json\/wp\/v2\/types\/page"}],"author":[{"embeddable":true,"href":"https:\/\/pavlinajirouskova.com\/cs\/wp-json\/wp\/v2\/users\/4"}],"replies":[{"embeddable":true,"href":"https:\/\/pavlinajirouskova.com\/cs\/wp-json\/wp\/v2\/comments?post=3172"}],"version-history":[{"count":6,"href":"https:\/\/pavlinajirouskova.com\/cs\/wp-json\/wp\/v2\/pages\/3172\/revisions"}],"predecessor-version":[{"id":9273,"href":"https:\/\/pavlinajirouskova.com\/cs\/wp-json\/wp\/v2\/pages\/3172\/revisions\/9273"}],"wp:featuredmedia":[{"embeddable":true,"href":"https:\/\/pavlinajirouskova.com\/cs\/wp-json\/wp\/v2\/media\/4714"}],"wp:attachment":[{"href":"https:\/\/pavlinajirouskova.com\/cs\/wp-json\/wp\/v2\/media?parent=3172"}],"curies":[{"name":"wp","href":"https:\/\/api.w.org\/{rel}","templated":true}]}}