{"id":5231,"date":"2019-05-07T17:23:24","date_gmt":"2019-05-07T15:23:24","guid":{"rendered":"https:\/\/pavlinajirouskova.com\/?page_id=5231"},"modified":"2019-05-07T23:45:47","modified_gmt":"2019-05-07T21:45:47","slug":"zabezpeceni-osobnich-udaju","status":"publish","type":"page","link":"https:\/\/pavlinajirouskova.com\/cs\/zabezpeceni-osobnich-udaju\/","title":{"rendered":"Zabezpe\u010den\u00ed osobn\u00edch \u00fadaj\u016f"},"content":{"rendered":"<p><section id=\"bt_bb_section6a05ac796c64a\" class=\"bt_bb_section bt_bb_layout_boxed_1200 bt_bb_vertical_align_top bt_bb_top_spacing_medium\"  data-bt-override-class=\"null\"><div class=\"bt_bb_port\"><div class=\"bt_bb_cell\"><div class=\"bt_bb_cell_inner\"><div class=\"bt_bb_row\"  data-bt-override-class=\"{}\"><div class=\"bt_bb_row_holder\" ><div  class=\"bt_bb_column col-xxl-12 col-xl-12 bt_bb_vertical_align_top bt_bb_align_left bt_bb_padding_normal bt_bb_animation_fade_in zoom_out animate\" style=\"; --column-width:12;\" data-width=\"12\" data-bt-override-class=\"{}\"><div class=\"bt_bb_column_content\"><div class=\"bt_bb_column_content_inner\"><div class=\"bt_bb_separator bt_bb_border_style_none\" data-bt-override-class=\"null\"><\/div><header class=\"bt_bb_headline bt_bb_dash_bottom bt_bb_size_large bt_bb_align_center bt_bb_hidden_xs bt_bb_hidden_ms bt_bb_hidden_sm bt_bb_hidden_md bt_bb_hidden_lg\" data-bt-override-class=\"{}\"><h3 class=\"bt_bb_headline_tag\"><span class=\"bt_bb_headline_content\"><span><strong>Technick\u00e1 a organiza\u010dn\u00ed bezpe\u010dnostn\u00ed opat\u0159en\u00ed<\/strong><\/span><\/span><\/h3><\/header><div class=\"bt_bb_separator bt_bb_border_style_none\" data-bt-override-class=\"null\"><\/div><div  class=\"bt_bb_text\" ><\/p>\n<p style=\"text-align: center;\"><strong>v souladu s \u010dl\u00e1nkem 32<\/strong><br \/>\n<strong>Na\u0159\u00edzen\u00ed Evropsk\u00e9ho parlamentu a Rady 2016\/679, o ochran\u011b fyzick\u00fdch osob v souvislosti se zpracov\u00e1n\u00edm osobn\u00edch \u00fadaj\u016f a o voln\u00e9m pohybu t\u011bchto \u00fadaj\u016f a o zru\u0161en\u00ed sm\u011brnice 95\/46\/ES<\/strong><br \/>\n<strong>(d\u00e1le jen &#8222;GDPR&#8220;)<\/strong><\/p>\n<p>\n<\/div><div class=\"bt_bb_separator bt_bb_border_style_none bt_bb_top_spacing_normal bt_bb_bottom_spacing_normal\" data-bt-override-class=\"null\"><\/div><div  class=\"bt_bb_text\" ><\/p>\n<p>GDPR stanov\u00ed spr\u00e1vci povinnost p\u0159ijmout vhodn\u00e1 technick\u00e1 a organiza\u010dn\u00ed opat\u0159en\u00ed k zaji\u0161t\u011bn\u00ed integrity a d\u016fv\u011brnosti zpracovan\u00fdch osobn\u00edch \u00fadaj\u016f. \u010cl. 32 GDPR uv\u00e1d\u00ed p\u0159\u00edklady bezpe\u010dnostn\u00edch opat\u0159en\u00ed, kter\u00e1 by m\u011bl spr\u00e1vce v z\u00e1vislosti na v\u00fdsledku posouzen\u00ed rizika zav\u00e9st. GDPR nepo\u017eaduje, aby v\u0161echna tato opat\u0159en\u00ed byla u ka\u017ed\u00e9ho zpracov\u00e1n\u00ed zavedena, spr\u00e1vce by v\u0161ak m\u011bli jejich zaveden\u00ed uv\u00e1\u017eit.<\/p>\n<p>Spr\u00e1vcem osobn\u00edch \u00fadaj\u016f je:<br \/>\n<strong>Pavl\u00edna Jirou\u0161kov\u00e1<\/strong>, I\u010c: <strong>08000531<\/strong>, s\u00eddlo: <strong>Tobruck\u00e1 764\/4, 16000 Praha 6<\/strong> (d\u00e1le jen \u201eSpr\u00e1vce\u201c).<\/p>\n<p>Spr\u00e1vce uv\u00e1\u017eil bezpe\u010dnostn\u00ed opat\u0159en\u00ed uveden\u00e9 v \u010dl. 32 GDPR a po posouzen\u00ed<\/p>\n<ol>\n<li>rizika, kter\u00e9 zpracov\u00e1n\u00ed osobn\u00edch \u00fadaj\u016f p\u0159edstavuje<\/li>\n<li>stavu techniky a<\/li>\n<li>n\u00e1kladech na zaveden\u00ed jednotliv\u00fdch opat\u0159en\u00ed<\/li>\n<\/ol>\n<p>Spr\u00e1vce zavedl n\u00e1sleduj\u00edc\u00ed technick\u00e1 bezpe\u010dnostn\u00ed opat\u0159en\u00ed za \u00fa\u010delem maximalizace ochrany osobn\u00edch \u00fadaj\u016f:<\/p>\n<ol type=\"a\">\n<li>webov\u00e9 str\u00e1nky a webov\u00fd software zpracovatele b\u011b\u017e\u00ed na zabezpe\u010den\u00e9m https protokolu;<\/li>\n<li>spr\u00e1vce nab\u00edz\u00ed subjekt\u016fm \u00fadaj\u016f \u0159adu n\u00e1stroj\u016f (popsan\u00fdch v Informaci o zpracov\u00e1n\u00ed osobn\u00edch \u00fadaj\u016f dle \u010dl.13, kter\u00e1 je uveden\u00e1 na webov\u00fdch str\u00e1nk\u00e1ch spr\u00e1vce) k omezen\u00ed zpracov\u00e1n\u00ed osobn\u00edch \u00fadaj\u016f a zlep\u0161en\u00ed ochrany soukrom\u00ed subjekt\u016f \u00fadaj\u016f;<\/li>\n<li>v\u0161ichni zpracovatel\u00e9, kte\u0159\u00ed maj\u00ed p\u0159\u00edstup k osobn\u00edm \u00fadaj\u016fm, se zav\u00e1zali p\u00edsemn\u011b k ml\u010denlivosti;<\/li>\n<li>spr\u00e1vce pou\u017e\u00edv\u00e1 pro webhosting poskytovatele, kte\u0159\u00ed uv\u00e1d\u011bj\u00ed, \u017ee spl\u0148uj\u00ed po\u017eadavky GDPR. Poskytovateli webhostingu jsou:<br \/>\nWEDOS na sv\u00fdch webov\u00fdch str\u00e1nk\u00e1ch https:\/\/datacentrum.wedos.com\/a\/386\/gdpr-u-wedos.html uv\u00e1d\u00ed, \u017ee spl\u0148uje po\u017eadavky GDPR a v\u0161echny procesy spole\u010dnosti WEDOS byly navr\u017eeny u\u017e od za\u010d\u00e1tku tak, aby WEDOS z\u00edskaL certifikaci ISO 27001 (syst\u00e9m managementu bezpe\u010dnosti informac\u00ed).<br \/>\nVe\u0161ker\u00e9 osobn\u00ed \u00fadaje jsou zpracov\u00e1van\u00e9 a uchov\u00e1van\u00e9 v r\u00e1mci Evropsk\u00e9 Unie.<\/li>\n<\/ol>\n<p>\n<\/div><div class=\"bt_bb_separator bt_bb_border_style_none bt_bb_top_spacing_medium\" data-bt-override-class=\"null\"><\/div><\/div><\/div><\/div><\/div><\/div><\/div><!-- cell_inner --><\/div><!-- cell --><\/div><!-- port --><\/section><section id=\"bt_bb_section6a05ac796cd14\" class=\"bt_bb_section bt_bb_color_scheme_1 bt_bb_layout_boxed_1200 bt_bb_vertical_align_top bt_bb_top_spacing_small bt_bb_bottom_spacing_small bt_bb_pull_in_from_side_large\" style=\"background: linear-gradient(60deg, #4f525b 0%, #343740 100%);; --section-primary-color:#ffffff; --section-secondary-color:#222222;\" data-bt-override-class=\"null\"><div class=\"bt_bb_port\"><div class=\"bt_bb_cell\"><div class=\"bt_bb_cell_inner\"><div class=\"bt_bb_row\"  data-bt-override-class=\"{}\"><div class=\"bt_bb_row_holder\" ><div  class=\"bt_bb_column col-xxl-5 col-xl-5 bt_bb_vertical_align_middle bt_bb_align_center bt_bb_padding_double bt_bb_animation_fade_in animate\" style=\"; --column-width:5;\" data-width=\"5\" data-bt-override-class=\"{}\"><div class=\"bt_bb_column_content\"><div class=\"bt_bb_column_content_inner\"><div class=\"bt_bb_separator bt_bb_border_style_none bt_bb_top_spacing_normal bt_bb_hidden_xs bt_bb_hidden_ms bt_bb_hidden_sm\" data-bt-override-class=\"null\"><\/div><div class=\"bt_bb_separator bt_bb_border_style_none bt_bb_top_spacing_small bt_bb_bottom_spacing_extra_small\" data-bt-override-class=\"null\"><\/div><div  class=\"bt_bb_text\" ><\/p>\n<p>Poradenstv\u00ed i EFT a kvantov\u00e1 l\u00e9\u010dba m\u016f\u017ee po domluv\u011b prob\u00edhat p\u0159es Skype nebo osobn\u011b v j\u00f3gov\u00e9m studiu Shala Prague.<\/p>\n<p>\n<\/div><div class=\"bt_bb_separator bt_bb_border_style_none bt_bb_top_spacing_medium bt_bb_hidden_md bt_bb_hidden_lg\" data-bt-override-class=\"null\"><\/div><div class=\"bt_bb_separator bt_bb_border_style_none bt_bb_top_spacing_normal bt_bb_hidden_xs bt_bb_hidden_ms bt_bb_hidden_sm\" data-bt-override-class=\"null\"><\/div><\/div><\/div><\/div><div  class=\"bt_bb_column col-xxl-7 col-xl-7 bt_bb_vertical_align_middle bt_bb_align_left bt_bb_padding_normal bt_bb_animation_fade_in animate\" style=\"; --column-width:7;\" data-width=\"7\" data-bt-override-class=\"{}\"><div class=\"bt_bb_column_content\"><div class=\"bt_bb_column_content_inner\"><div class=\"bt_bb_row_inner\"   data-bt-override-class=\"{}\"><div class=\"bt_bb_row_inner_holder\"  ><div  class=\"bt_bb_column_inner col-xxl-4 col-xl-4 bt_bb_vertical_align_top bt_bb_align_center bt_bb_padding_double\"  data-width=\"4\" data-bt-override-class=\"{}\"><div class=\"bt_bb_column_inner_content\"><div class=\"bt_bb_column_inner_content_inner\"><div class=\"bt_bb_separator bt_bb_border_style_none bt_bb_top_spacing_normal\" data-bt-override-class=\"null\"><\/div><div class=\"bt_bb_icon bt_bb_color_scheme_1 bt_bb_style_borderless bt_bb_size_normal bt_bb_shape_circle bt_bb_align_inherit\" style=\"; --icon-primary-color:#ffffff; --icon-secondary-color:#222222;\" data-bt-override-class=\"null\"><span  data-ico-essential=\"&#xea06;\" class=\"bt_bb_icon_holder\"><\/span><\/div><div class=\"bt_bb_separator bt_bb_border_style_none bt_bb_top_spacing_small\" data-bt-override-class=\"null\"><\/div><header class=\"bt_bb_headline bt_bb_color_scheme_1 bt_bb_dash_bottom bt_bb_subheadline bt_bb_size_extrasmall bt_bb_align_inherit\" style=\"; --primary-color:#ffffff; --secondary-color:#222222;\" data-bt-override-class=\"{}\"><h6 class=\"bt_bb_headline_tag\"><span class=\"bt_bb_headline_content\"><span>ADRESA<\/span><\/span><\/h6><div class=\"bt_bb_headline_subheadline\">Trojanova 18<br \/><br \/>\n120 00 Praha 2<\/div><\/header><div class=\"bt_bb_separator bt_bb_border_style_none bt_bb_top_spacing_normal bt_bb_hidden_xs bt_bb_hidden_ms bt_bb_hidden_sm\" data-bt-override-class=\"null\"><\/div><\/div><\/div><\/div><div  class=\"bt_bb_column_inner col-xxl-4 col-xl-4 bt_bb_vertical_align_top bt_bb_align_center bt_bb_padding_double\"  data-width=\"4\" data-bt-override-class=\"{}\"><div class=\"bt_bb_column_inner_content\"><div class=\"bt_bb_column_inner_content_inner\"><div class=\"bt_bb_separator bt_bb_border_style_none bt_bb_top_spacing_normal\" data-bt-override-class=\"null\"><\/div><div class=\"bt_bb_icon bt_bb_color_scheme_1 bt_bb_style_borderless bt_bb_size_normal bt_bb_shape_circle bt_bb_align_inherit\" style=\"; --icon-primary-color:#ffffff; --icon-secondary-color:#222222;\" data-bt-override-class=\"null\"><span  data-ico-essential=\"&#xe956;\" class=\"bt_bb_icon_holder\"><\/span><\/div><div class=\"bt_bb_separator bt_bb_border_style_none bt_bb_top_spacing_small\" data-bt-override-class=\"null\"><\/div><header class=\"bt_bb_headline bt_bb_color_scheme_1 bt_bb_dash_bottom bt_bb_subheadline bt_bb_size_extrasmall bt_bb_align_inherit\" style=\"; --primary-color:#ffffff; --secondary-color:#222222;\" data-bt-override-class=\"{}\"><h6 class=\"bt_bb_headline_tag\"><span class=\"bt_bb_headline_content\"><span>NAPI\u0160TE MI<\/span><\/span><\/h6><div class=\"bt_bb_headline_subheadline\">pavlina@pavlinajirouskova.com<\/div><\/header><div class=\"bt_bb_separator bt_bb_border_style_none bt_bb_top_spacing_normal\" data-bt-override-class=\"null\"><\/div><div class=\"bt_bb_separator bt_bb_border_style_none bt_bb_top_spacing_medium bt_bb_bottom_spacing_small bt_bb_hidden_md bt_bb_hidden_lg\" data-bt-override-class=\"null\"><\/div><\/div><\/div><\/div><div  class=\"bt_bb_column_inner col-xxl-4 col-xl-4 bt_bb_vertical_align_top bt_bb_align_center bt_bb_padding_double\"  data-width=\"4\" data-bt-override-class=\"{}\"><div class=\"bt_bb_column_inner_content\"><div class=\"bt_bb_column_inner_content_inner\"><div class=\"bt_bb_separator bt_bb_border_style_none bt_bb_top_spacing_normal\" data-bt-override-class=\"null\"><\/div><div class=\"bt_bb_icon bt_bb_color_scheme_1 bt_bb_style_borderless bt_bb_size_normal bt_bb_shape_circle bt_bb_align_inherit\" style=\"; --icon-primary-color:#ffffff; --icon-secondary-color:#222222;\" data-bt-override-class=\"null\"><span  data-ico-essential=\"&#xea26;\" class=\"bt_bb_icon_holder\"><\/span><\/div><div class=\"bt_bb_separator bt_bb_border_style_none bt_bb_top_spacing_small\" data-bt-override-class=\"null\"><\/div><header class=\"bt_bb_headline bt_bb_color_scheme_1 bt_bb_dash_bottom bt_bb_size_extrasmall bt_bb_align_inherit\" style=\"; --primary-color:#ffffff; --secondary-color:#222222;\" data-bt-override-class=\"{}\"><h6 class=\"bt_bb_headline_tag\"><span class=\"bt_bb_headline_content\"><span>J\u00c1 ZAVOL\u00c1M V\u00c1M<\/span><\/span><\/h6><\/header><div class=\"bt_bb_separator bt_bb_border_style_none bt_bb_top_spacing_normal\" data-bt-override-class=\"null\"><\/div><div class=\"bt_bb_separator bt_bb_border_style_none bt_bb_top_spacing_medium bt_bb_bottom_spacing_small bt_bb_hidden_md bt_bb_hidden_lg\" data-bt-override-class=\"null\"><\/div><\/div><\/div><\/div><\/div><\/div><\/div><\/div><\/div><\/div><\/div><\/div><!-- cell_inner --><\/div><!-- cell --><\/div><!-- port --><\/section><\/p>","protected":false},"excerpt":{"rendered":"","protected":false},"author":4,"featured_media":0,"parent":0,"menu_order":0,"comment_status":"closed","ping_status":"closed","template":"","meta":{"_exactmetrics_skip_tracking":false,"_exactmetrics_sitenote_active":false,"_exactmetrics_sitenote_note":"","_exactmetrics_sitenote_category":0,"cybocfi_hide_featured_image":"","footnotes":""},"class_list":["post-5231","page","type-page","status-publish","hentry"],"yoast_head":"<!-- This site is optimized with the Yoast SEO plugin v25.0 - https:\/\/yoast.com\/wordpress\/plugins\/seo\/ -->\n<title>Zabezpe\u010den\u00ed osobn\u00edch \u00fadaj\u016f<\/title>\n<meta name=\"robots\" content=\"index, follow, max-snippet:-1, max-image-preview:large, max-video-preview:-1\" \/>\n<link rel=\"canonical\" href=\"https:\/\/pavlinajirouskova.com\/cs\/zabezpeceni-osobnich-udaju\/\" \/>\n<meta property=\"og:locale\" content=\"cs_CZ\" \/>\n<meta property=\"og:type\" content=\"article\" \/>\n<meta property=\"og:title\" content=\"Zabezpe\u010den\u00ed osobn\u00edch \u00fadaj\u016f\" \/>\n<meta property=\"og:url\" content=\"https:\/\/pavlinajirouskova.com\/cs\/zabezpeceni-osobnich-udaju\/\" \/>\n<meta property=\"og:site_name\" content=\"Pavlina Jirouskova\" \/>\n<meta property=\"article:publisher\" content=\"https:\/\/www.facebook.com\/p.jirouskova\" \/>\n<meta property=\"article:modified_time\" content=\"2019-05-07T21:45:47+00:00\" \/>\n<meta property=\"og:image\" content=\"https:\/\/pavlinajirouskova.com\/wp-content\/uploads\/2020\/02\/paja-e1618494323712.jpg\" \/>\n\t<meta property=\"og:image:width\" content=\"1134\" \/>\n\t<meta property=\"og:image:height\" content=\"755\" \/>\n\t<meta property=\"og:image:type\" content=\"image\/jpeg\" \/>\n<meta name=\"twitter:card\" content=\"summary_large_image\" \/>\n<meta name=\"twitter:label1\" content=\"Odhadovan\u00e1 doba \u010dten\u00ed\" \/>\n\t<meta name=\"twitter:data1\" content=\"9 minut\" \/>\n<script type=\"application\/ld+json\" class=\"yoast-schema-graph\">{\"@context\":\"https:\/\/schema.org\",\"@graph\":[{\"@type\":\"WebPage\",\"@id\":\"https:\/\/pavlinajirouskova.com\/cs\/zabezpeceni-osobnich-udaju\/\",\"url\":\"https:\/\/pavlinajirouskova.com\/cs\/zabezpeceni-osobnich-udaju\/\",\"name\":\"Zabezpe\u010den\u00ed osobn\u00edch \u00fadaj\u016f\",\"isPartOf\":{\"@id\":\"https:\/\/pavlinajirouskova.com\/cs\/#website\"},\"datePublished\":\"2019-05-07T15:23:24+00:00\",\"dateModified\":\"2019-05-07T21:45:47+00:00\",\"breadcrumb\":{\"@id\":\"https:\/\/pavlinajirouskova.com\/cs\/zabezpeceni-osobnich-udaju\/#breadcrumb\"},\"inLanguage\":\"cs\",\"potentialAction\":[{\"@type\":\"ReadAction\",\"target\":[\"https:\/\/pavlinajirouskova.com\/cs\/zabezpeceni-osobnich-udaju\/\"]}]},{\"@type\":\"BreadcrumbList\",\"@id\":\"https:\/\/pavlinajirouskova.com\/cs\/zabezpeceni-osobnich-udaju\/#breadcrumb\",\"itemListElement\":[{\"@type\":\"ListItem\",\"position\":1,\"name\":\"Dom\u016f\",\"item\":\"https:\/\/pavlinajirouskova.com\/cs\/\"},{\"@type\":\"ListItem\",\"position\":2,\"name\":\"Zabezpe\u010den\u00ed osobn\u00edch \u00fadaj\u016f\"}]},{\"@type\":\"WebSite\",\"@id\":\"https:\/\/pavlinajirouskova.com\/cs\/#website\",\"url\":\"https:\/\/pavlinajirouskova.com\/cs\/\",\"name\":\"Pavlina Jirouskova\",\"description\":\"Conscious Midlife\",\"publisher\":{\"@id\":\"https:\/\/pavlinajirouskova.com\/cs\/#\/schema\/person\/28ebdb3e98879c0be8b1129e7a08e958\"},\"potentialAction\":[{\"@type\":\"SearchAction\",\"target\":{\"@type\":\"EntryPoint\",\"urlTemplate\":\"https:\/\/pavlinajirouskova.com\/cs\/?s={search_term_string}\"},\"query-input\":{\"@type\":\"PropertyValueSpecification\",\"valueRequired\":true,\"valueName\":\"search_term_string\"}}],\"inLanguage\":\"cs\"},{\"@type\":[\"Person\",\"Organization\"],\"@id\":\"https:\/\/pavlinajirouskova.com\/cs\/#\/schema\/person\/28ebdb3e98879c0be8b1129e7a08e958\",\"name\":\"Pavlina Jirouskova\",\"image\":{\"@type\":\"ImageObject\",\"inLanguage\":\"cs\",\"@id\":\"https:\/\/pavlinajirouskova.com\/cs\/#\/schema\/person\/image\/\",\"url\":\"https:\/\/pavlinajirouskova.com\/wp-content\/uploads\/2020\/11\/Pavlina-Jirouskova.jpeg\",\"contentUrl\":\"https:\/\/pavlinajirouskova.com\/wp-content\/uploads\/2020\/11\/Pavlina-Jirouskova.jpeg\",\"width\":1000,\"height\":800,\"caption\":\"Pavlina Jirouskova\"},\"logo\":{\"@id\":\"https:\/\/pavlinajirouskova.com\/cs\/#\/schema\/person\/image\/\"},\"sameAs\":[\"https:\/\/pavlinajirouskova.com\",\"https:\/\/www.facebook.com\/p.jirouskova\",\"https:\/\/www.instagram.com\/pavlina.jirouskova\/\",\"https:\/\/www.linkedin.com\/company\/pavlina-jirouskova\"]}]}<\/script>\n<!-- \/ Yoast SEO plugin. -->","yoast_head_json":{"title":"Zabezpe\u010den\u00ed osobn\u00edch \u00fadaj\u016f","robots":{"index":"index","follow":"follow","max-snippet":"max-snippet:-1","max-image-preview":"max-image-preview:large","max-video-preview":"max-video-preview:-1"},"canonical":"https:\/\/pavlinajirouskova.com\/cs\/zabezpeceni-osobnich-udaju\/","og_locale":"cs_CZ","og_type":"article","og_title":"Zabezpe\u010den\u00ed osobn\u00edch \u00fadaj\u016f","og_url":"https:\/\/pavlinajirouskova.com\/cs\/zabezpeceni-osobnich-udaju\/","og_site_name":"Pavlina Jirouskova","article_publisher":"https:\/\/www.facebook.com\/p.jirouskova","article_modified_time":"2019-05-07T21:45:47+00:00","og_image":[{"width":1134,"height":755,"url":"https:\/\/pavlinajirouskova.com\/wp-content\/uploads\/2020\/02\/paja-e1618494323712.jpg","type":"image\/jpeg"}],"twitter_card":"summary_large_image","twitter_misc":{"Odhadovan\u00e1 doba \u010dten\u00ed":"9 minut"},"schema":{"@context":"https:\/\/schema.org","@graph":[{"@type":"WebPage","@id":"https:\/\/pavlinajirouskova.com\/cs\/zabezpeceni-osobnich-udaju\/","url":"https:\/\/pavlinajirouskova.com\/cs\/zabezpeceni-osobnich-udaju\/","name":"Zabezpe\u010den\u00ed osobn\u00edch \u00fadaj\u016f","isPartOf":{"@id":"https:\/\/pavlinajirouskova.com\/cs\/#website"},"datePublished":"2019-05-07T15:23:24+00:00","dateModified":"2019-05-07T21:45:47+00:00","breadcrumb":{"@id":"https:\/\/pavlinajirouskova.com\/cs\/zabezpeceni-osobnich-udaju\/#breadcrumb"},"inLanguage":"cs","potentialAction":[{"@type":"ReadAction","target":["https:\/\/pavlinajirouskova.com\/cs\/zabezpeceni-osobnich-udaju\/"]}]},{"@type":"BreadcrumbList","@id":"https:\/\/pavlinajirouskova.com\/cs\/zabezpeceni-osobnich-udaju\/#breadcrumb","itemListElement":[{"@type":"ListItem","position":1,"name":"Dom\u016f","item":"https:\/\/pavlinajirouskova.com\/cs\/"},{"@type":"ListItem","position":2,"name":"Zabezpe\u010den\u00ed osobn\u00edch \u00fadaj\u016f"}]},{"@type":"WebSite","@id":"https:\/\/pavlinajirouskova.com\/cs\/#website","url":"https:\/\/pavlinajirouskova.com\/cs\/","name":"Pavlina Jirouskova","description":"Conscious Midlife","publisher":{"@id":"https:\/\/pavlinajirouskova.com\/cs\/#\/schema\/person\/28ebdb3e98879c0be8b1129e7a08e958"},"potentialAction":[{"@type":"SearchAction","target":{"@type":"EntryPoint","urlTemplate":"https:\/\/pavlinajirouskova.com\/cs\/?s={search_term_string}"},"query-input":{"@type":"PropertyValueSpecification","valueRequired":true,"valueName":"search_term_string"}}],"inLanguage":"cs"},{"@type":["Person","Organization"],"@id":"https:\/\/pavlinajirouskova.com\/cs\/#\/schema\/person\/28ebdb3e98879c0be8b1129e7a08e958","name":"Pavlina Jirouskova","image":{"@type":"ImageObject","inLanguage":"cs","@id":"https:\/\/pavlinajirouskova.com\/cs\/#\/schema\/person\/image\/","url":"https:\/\/pavlinajirouskova.com\/wp-content\/uploads\/2020\/11\/Pavlina-Jirouskova.jpeg","contentUrl":"https:\/\/pavlinajirouskova.com\/wp-content\/uploads\/2020\/11\/Pavlina-Jirouskova.jpeg","width":1000,"height":800,"caption":"Pavlina Jirouskova"},"logo":{"@id":"https:\/\/pavlinajirouskova.com\/cs\/#\/schema\/person\/image\/"},"sameAs":["https:\/\/pavlinajirouskova.com","https:\/\/www.facebook.com\/p.jirouskova","https:\/\/www.instagram.com\/pavlina.jirouskova\/","https:\/\/www.linkedin.com\/company\/pavlina-jirouskova"]}]}},"_links":{"self":[{"href":"https:\/\/pavlinajirouskova.com\/cs\/wp-json\/wp\/v2\/pages\/5231","targetHints":{"allow":["GET"]}}],"collection":[{"href":"https:\/\/pavlinajirouskova.com\/cs\/wp-json\/wp\/v2\/pages"}],"about":[{"href":"https:\/\/pavlinajirouskova.com\/cs\/wp-json\/wp\/v2\/types\/page"}],"author":[{"embeddable":true,"href":"https:\/\/pavlinajirouskova.com\/cs\/wp-json\/wp\/v2\/users\/4"}],"replies":[{"embeddable":true,"href":"https:\/\/pavlinajirouskova.com\/cs\/wp-json\/wp\/v2\/comments?post=5231"}],"version-history":[{"count":0,"href":"https:\/\/pavlinajirouskova.com\/cs\/wp-json\/wp\/v2\/pages\/5231\/revisions"}],"wp:attachment":[{"href":"https:\/\/pavlinajirouskova.com\/cs\/wp-json\/wp\/v2\/media?parent=5231"}],"curies":[{"name":"wp","href":"https:\/\/api.w.org\/{rel}","templated":true}]}}